{"id":781,"date":"2025-05-12T19:00:03","date_gmt":"2025-05-12T19:00:03","guid":{"rendered":"https:\/\/inveniolawpr.com\/?page_id=781"},"modified":"2026-04-07T15:52:08","modified_gmt":"2026-04-07T15:52:08","slug":"contact-us","status":"publish","type":"page","link":"https:\/\/inveniolawpr.com\/en\/contactanos\/","title":{"rendered":"Contact Us"},"content":{"rendered":"\t\t<div data-elementor-type=\"wp-page\" data-elementor-id=\"781\" class=\"elementor elementor-781\" data-elementor-settings=\"{&quot;ha_cmc_init_switcher&quot;:&quot;no&quot;}\">\n\t\t\t\t\t\t<section class=\"elementor-section elementor-top-section elementor-element elementor-element-06337c9 elementor-section-height-min-height elementor-section-boxed elementor-section-height-default elementor-section-items-middle wpr-particle-no wpr-jarallax-no wpr-parallax-no wpr-sticky-section-no\" data-id=\"06337c9\" data-element_type=\"section\" data-e-type=\"section\" data-settings=\"{&quot;background_background&quot;:&quot;classic&quot;,&quot;_ha_eqh_enable&quot;:false}\">\n\t\t\t\t\t\t\t<div class=\"elementor-background-overlay\"><\/div>\n\t\t\t\t\t\t\t<div class=\"elementor-container elementor-column-gap-default\">\n\t\t\t\t\t<div class=\"elementor-column elementor-col-100 elementor-top-column elementor-element elementor-element-1ba67e8\" data-id=\"1ba67e8\" data-element_type=\"column\" data-e-type=\"column\">\n\t\t\t<div class=\"elementor-widget-wrap elementor-element-populated\">\n\t\t\t\t\t\t<div class=\"elementor-element elementor-element-a0c0437 elementor-widget elementor-widget-heading\" data-id=\"a0c0437\" data-element_type=\"widget\" data-e-type=\"widget\" data-widget_type=\"heading.default\">\n\t\t\t\t\t<h2 class=\"elementor-heading-title elementor-size-default\">Cont\u00e1ctenos<\/h2>\t\t\t\t<\/div>\n\t\t\t\t<div class=\"elementor-element elementor-element-ae70c02 elementor-widget__width-initial elementor-widget elementor-widget-text-editor\" data-id=\"ae70c02\" data-element_type=\"widget\" data-e-type=\"widget\" data-widget_type=\"text-editor.default\">\n\t\t\t\t\t\t\t\t\tPara consultas o m\u00e1s informaci\u00f3n, complete el siguiente formulario y le contactaremos\npronto. Tambi\u00e9n nos puede escribir a <span style=\"text-decoration: underline;\"><span style=\"color: #ffffff;\"><a style=\"color: #ffffff; text-decoration: underline;\" href=\"mailto:info@inveniolawpr.com\">info@inveniolawpr.com<\/a><\/span><\/span> o llamarnos al <span style=\"color: #ffffff;\"><a style=\"color: #ffffff;\" href=\"tel:787-724-8117\"><span style=\"text-decoration: underline;\">787-724-8117.<\/span><\/a><\/span>\t\t\t\t\t\t\t\t<\/div>\n\t\t\t\t<div class=\"elementor-element elementor-element-859c7b1 ha-form-btn--right ha-form-btn---tabletcenter elementor-widget elementor-widget-ha-wpform happy-addon ha-wpform\" data-id=\"859c7b1\" data-element_type=\"widget\" data-e-type=\"widget\" data-widget_type=\"ha-wpform.default\">\n\t\t\t\t\t<style id=\"wpforms-css-vars-451\">\n\t\t\t\t#wpforms-451 {\n\t\t\t\t\n\t\t\t}\n\t\t\t<\/style><div class=\"wpforms-container wpforms-container-full wpforms-render-modern\" id=\"wpforms-451\"><form id=\"wpforms-form-451\" class=\"wpforms-validate wpforms-form wpforms-ajax-form\" data-formid=\"451\" method=\"post\" enctype=\"multipart\/form-data\" action=\"\/en\/wp-json\/wp\/v2\/pages\/781\" data-token=\"c4768bd0d27bb47c7bec766128965308\" data-token-time=\"1776094127\"><noscript class=\"wpforms-error-noscript\">Please enable JavaScript in your browser to complete this form.<\/noscript><div id=\"wpforms-error-noscript\" style=\"display: none;\">Please enable JavaScript in your browser to complete this form.<\/div><div class=\"wpforms-field-container\">\t\t<div id=\"wpforms-451-field_7-container\"\n\t\t\tclass=\"wpforms-field wpforms-field-text\"\n\t\t\tdata-field-type=\"text\"\n\t\t\tdata-field-id=\"7\"\n\t\t\t>\n\t\t\t<label class=\"wpforms-field-label\" for=\"wpforms-451-field_7\" >Layout Nombre Tel\u00e9fono<\/label>\n\t\t\t<input type=\"text\" id=\"wpforms-451-field_7\" class=\"wpforms-field-medium\" name=\"wpforms[fields][7]\" >\n\t\t<\/div>\n\t\t<div id=\"wpforms-451-field_1-container\" class=\"wpforms-field wpforms-field-layout\" data-field-id=\"1\"><div class=\"wpforms-field-layout-rows wpforms-field-large\"><div class=\"wpforms-layout-row\"><div class=\"wpforms-layout-column wpforms-layout-column-50\"><div id=\"wpforms-451-field_2-container\" class=\"wpforms-field wpforms-field-name\" data-field-id=\"2\"><label class=\"wpforms-field-label wpforms-label-hide\" for=\"wpforms-451-field_2\" aria-hidden=\"false\">Nombre <span class=\"wpforms-required-label\" aria-hidden=\"true\">*<\/span><\/label><input type=\"text\" id=\"wpforms-451-field_2\" class=\"wpforms-field-medium wpforms-field-required\" name=\"wpforms[fields][2]\" placeholder=\"Nombre\" aria-errormessage=\"wpforms-451-field_2-error\" required><\/div><\/div><div class=\"wpforms-layout-column wpforms-layout-column-50\"><div id=\"wpforms-451-field_3-container\" class=\"wpforms-field wpforms-field-name\" data-field-id=\"3\"><label class=\"wpforms-field-label wpforms-label-hide\" for=\"wpforms-451-field_3\" aria-hidden=\"false\">Apellido <span class=\"wpforms-required-label\" aria-hidden=\"true\">*<\/span><\/label><input type=\"text\" id=\"wpforms-451-field_3\" class=\"wpforms-field-medium wpforms-field-required\" name=\"wpforms[fields][3]\" placeholder=\"Apellido\" aria-errormessage=\"wpforms-451-field_3-error\" required><\/div><\/div><\/div><div class=\"wpforms-layout-row\"><div class=\"wpforms-layout-column wpforms-layout-column-50\"><div id=\"wpforms-451-field_4-container\" class=\"wpforms-field wpforms-field-email\" data-field-id=\"4\"><label class=\"wpforms-field-label wpforms-label-hide\" for=\"wpforms-451-field_4\" aria-hidden=\"false\">Email <span class=\"wpforms-required-label\" aria-hidden=\"true\">*<\/span><\/label><input type=\"email\" id=\"wpforms-451-field_4\" class=\"wpforms-field-medium wpforms-field-required\" name=\"wpforms[fields][4]\" placeholder=\"Email\" spellcheck=\"false\" aria-errormessage=\"wpforms-451-field_4-error\" required><\/div><\/div><div class=\"wpforms-layout-column wpforms-layout-column-50\"><div id=\"wpforms-451-field_5-container\" class=\"wpforms-field wpforms-field-phone\" data-field-id=\"5\"><label class=\"wpforms-field-label wpforms-label-hide\" for=\"wpforms-451-field_5\" aria-hidden=\"false\">Tel\u00e9fono<\/label><input type=\"tel\" id=\"wpforms-451-field_5\" class=\"wpforms-field-medium\" data-rule-int-phone-field=\"true\" name=\"wpforms[fields][5]\" placeholder=\"Tel\u00e9fono\" aria-label=\"Tel\u00e9fono\" aria-errormessage=\"wpforms-451-field_5-error\" ><\/div><\/div><\/div><\/div><\/div><div id=\"wpforms-451-field_6-container\" class=\"wpforms-field wpforms-field-textarea\" data-field-id=\"6\"><label class=\"wpforms-field-label wpforms-label-hide\" for=\"wpforms-451-field_6\" aria-hidden=\"false\">Mensaje<\/label><textarea id=\"wpforms-451-field_6\" class=\"wpforms-field-large\" name=\"wpforms[fields][6]\" placeholder=\"Mensaje\" aria-errormessage=\"wpforms-451-field_6-error\" ><\/textarea><\/div><script>\n\t\t\t\t( function() {\n\t\t\t\t\tconst style = document.createElement( 'style' );\n\t\t\t\t\tstyle.appendChild( document.createTextNode( '#wpforms-451-field_7-container { position: absolute !important; overflow: hidden !important; display: inline !important; height: 1px !important; width: 1px !important; z-index: -1000 !important; padding: 0 !important; } #wpforms-451-field_7-container input { visibility: hidden; } #wpforms-conversational-form-page #wpforms-451-field_7-container label { counter-increment: none; }' ) );\n\t\t\t\t\tdocument.head.appendChild( style );\n\t\t\t\t\tdocument.currentScript?.remove();\n\t\t\t\t} )();\n\t\t\t<\/script><\/div><!-- .wpforms-field-container --><div class=\"wpforms-recaptcha-container wpforms-is-recaptcha wpforms-is-recaptcha-type-v3\" ><input type=\"hidden\" name=\"wpforms[recaptcha]\" value=\"\"><\/div><div class=\"wpforms-submit-container\" ><input type=\"hidden\" name=\"wpforms[id]\" value=\"451\"><input type=\"hidden\" name=\"page_title\" value=\"\"><input type=\"hidden\" name=\"page_url\" value=\"https:\/\/inveniolawpr.com\/en\/wp-json\/wp\/v2\/pages\/781\"><input type=\"hidden\" name=\"url_referer\" value=\"\"><button type=\"submit\" name=\"wpforms[submit]\" id=\"wpforms-submit-451\" class=\"wpforms-submit\" data-alt-text=\"Enviando...\" data-submit-text=\"Enviar\" aria-live=\"assertive\" value=\"wpforms-submit\">Enviar<\/button><img decoding=\"async\" src=\"https:\/\/inveniolawpr.com\/wp-content\/plugins\/wpforms\/assets\/images\/submit-spin.svg\" class=\"wpforms-submit-spinner\" style=\"display: none;\" width=\"26\" height=\"26\" alt=\"Loading\"><\/div><\/form><\/div>  <!-- .wpforms-container -->\t\t\t\t<\/div>\n\t\t\t\t\t<\/div>\n\t\t<\/div>\n\t\t\t\t\t<\/div>\n\t\t<\/section>\n\t\t\t\t<section class=\"elementor-section elementor-top-section elementor-element elementor-element-e39fe1b elementor-section-full_width elementor-section-height-min-height elementor-section-items-stretch elementor-section-height-default wpr-particle-no wpr-jarallax-no wpr-parallax-no wpr-sticky-section-no\" data-id=\"e39fe1b\" data-element_type=\"section\" data-e-type=\"section\" data-settings=\"{&quot;_ha_eqh_enable&quot;:false}\">\n\t\t\t\t\t\t<div class=\"elementor-container elementor-column-gap-no\">\n\t\t\t\t\t<div class=\"elementor-column elementor-col-100 elementor-top-column elementor-element elementor-element-21df7d2\" data-id=\"21df7d2\" data-element_type=\"column\" data-e-type=\"column\">\n\t\t\t<div class=\"elementor-widget-wrap elementor-element-populated\">\n\t\t\t\t\t\t<div class=\"elementor-element elementor-element-0b37659 elementor-widget elementor-widget-google_maps\" data-id=\"0b37659\" data-element_type=\"widget\" data-e-type=\"widget\" data-widget_type=\"google_maps.default\">\n\t\t\t\t\t\t\t<div class=\"elementor-custom-embed\">\n\t\t\t<iframe loading=\"lazy\"\n\t\t\t\t\tsrc=\"https:\/\/maps.google.com\/maps?q=Invenio%20Law%20LLC&#038;t=m&#038;z=16&#038;output=embed&#038;iwloc=near\"\n\t\t\t\t\ttitle=\"Invenio Law LLC\"\n\t\t\t\t\taria-label=\"Invenio Law LLC\"\n\t\t\t><\/iframe>\n\t\t<\/div>\n\t\t\t\t\t\t<\/div>\n\t\t\t\t\t<\/div>\n\t\t<\/div>\n\t\t\t\t\t<\/div>\n\t\t<\/section>\n\t\t\t\t<\/div>\n\t\t","protected":false},"excerpt":{"rendered":"<p>Cont\u00e1ctenos Para consultas o m\u00e1s informaci\u00f3n, complete el siguiente formulario y le contactaremos pronto. Tambi\u00e9n nos puede escribir a info@inveniolawpr.com o llamarnos al 787-724-8117. Please enable JavaScript in your browser to complete this form.Please enable JavaScript in your browser to complete this form.Nombre *Apellido *Email *Tel\u00e9fono Mensaje Enviar<\/p>","protected":false},"author":2,"featured_media":0,"parent":0,"menu_order":0,"comment_status":"closed","ping_status":"closed","template":"elementor_header_footer","meta":{"footnotes":""},"class_list":["post-781","page","type-page","status-publish","hentry"],"yoast_head":"<!-- This site is optimized with the Yoast SEO plugin v27.3 - https:\/\/yoast.com\/product\/yoast-seo-wordpress\/ -->\n<title>Abogados | Invenio Law | San Juan | Puerto Rico<\/title>\n<meta name=\"description\" content=\"En Invenio Law, contamos con un equipo de abogados altamente capacitados listos para ofrecerte asesor\u00eda legal personalizada...\" \/>\n<meta name=\"robots\" content=\"index, follow, max-snippet:-1, max-image-preview:large, max-video-preview:-1\" \/>\n<link rel=\"canonical\" href=\"https:\/\/inveniolawpr.com\/en\/contact-us\/\" \/>\n<meta property=\"og:locale\" content=\"en_US\" \/>\n<meta property=\"og:type\" content=\"article\" \/>\n<meta property=\"og:title\" content=\"Abogados | Invenio Law | San Juan | Puerto Rico\" \/>\n<meta property=\"og:description\" content=\"En Invenio Law, contamos con un equipo de abogados altamente capacitados listos para ofrecerte asesor\u00eda legal personalizada...\" \/>\n<meta property=\"og:url\" content=\"https:\/\/inveniolawpr.com\/en\/contact-us\/\" \/>\n<meta property=\"og:site_name\" content=\"Invenio Law\" \/>\n<meta property=\"article:publisher\" content=\"https:\/\/www.facebook.com\/inveniolawpr\" \/>\n<meta property=\"article:modified_time\" content=\"2026-04-07T15:52:08+00:00\" \/>\n<meta property=\"og:image\" content=\"https:\/\/inveniolawpr.com\/wp-content\/plugins\/wpforms\/assets\/images\/submit-spin.svg\" \/>\n<meta name=\"twitter:card\" content=\"summary_large_image\" \/>\n<meta name=\"twitter:label1\" content=\"Est. reading time\" \/>\n\t<meta name=\"twitter:data1\" content=\"1 minute\" \/>\n<script type=\"application\/ld+json\" class=\"yoast-schema-graph\">{\"@context\":\"https:\\\/\\\/schema.org\",\"@graph\":[{\"@type\":\"WebPage\",\"@id\":\"https:\\\/\\\/inveniolawpr.com\\\/contactanos\\\/\",\"url\":\"https:\\\/\\\/inveniolawpr.com\\\/contactanos\\\/\",\"name\":\"Abogados | Invenio Law | San Juan | Puerto Rico\",\"isPartOf\":{\"@id\":\"https:\\\/\\\/inveniolawpr.com\\\/#website\"},\"primaryImageOfPage\":{\"@id\":\"https:\\\/\\\/inveniolawpr.com\\\/contactanos\\\/#primaryimage\"},\"image\":{\"@id\":\"https:\\\/\\\/inveniolawpr.com\\\/contactanos\\\/#primaryimage\"},\"thumbnailUrl\":\"https:\\\/\\\/inveniolawpr.com\\\/wp-content\\\/plugins\\\/wpforms\\\/assets\\\/images\\\/submit-spin.svg\",\"datePublished\":\"2025-05-12T19:00:03+00:00\",\"dateModified\":\"2026-04-07T15:52:08+00:00\",\"description\":\"En Invenio Law, contamos con un equipo de abogados altamente capacitados listos para ofrecerte asesor\u00eda legal personalizada...\",\"breadcrumb\":{\"@id\":\"https:\\\/\\\/inveniolawpr.com\\\/contactanos\\\/#breadcrumb\"},\"inLanguage\":\"en-US\",\"potentialAction\":[{\"@type\":\"ReadAction\",\"target\":[\"https:\\\/\\\/inveniolawpr.com\\\/contactanos\\\/\"]}]},{\"@type\":\"ImageObject\",\"inLanguage\":\"en-US\",\"@id\":\"https:\\\/\\\/inveniolawpr.com\\\/contactanos\\\/#primaryimage\",\"url\":\"https:\\\/\\\/inveniolawpr.com\\\/wp-content\\\/plugins\\\/wpforms\\\/assets\\\/images\\\/submit-spin.svg\",\"contentUrl\":\"https:\\\/\\\/inveniolawpr.com\\\/wp-content\\\/plugins\\\/wpforms\\\/assets\\\/images\\\/submit-spin.svg\"},{\"@type\":\"BreadcrumbList\",\"@id\":\"https:\\\/\\\/inveniolawpr.com\\\/contactanos\\\/#breadcrumb\",\"itemListElement\":[{\"@type\":\"ListItem\",\"position\":1,\"name\":\"Home\",\"item\":\"https:\\\/\\\/inveniolawpr.com\\\/\"},{\"@type\":\"ListItem\",\"position\":2,\"name\":\"Cont\u00e1ctanos\"}]},{\"@type\":\"WebSite\",\"@id\":\"https:\\\/\\\/inveniolawpr.com\\\/#website\",\"url\":\"https:\\\/\\\/inveniolawpr.com\\\/\",\"name\":\"Invenio Law\",\"description\":\"Abogados\",\"publisher\":{\"@id\":\"https:\\\/\\\/inveniolawpr.com\\\/#organization\"},\"potentialAction\":[{\"@type\":\"SearchAction\",\"target\":{\"@type\":\"EntryPoint\",\"urlTemplate\":\"https:\\\/\\\/inveniolawpr.com\\\/?s={search_term_string}\"},\"query-input\":{\"@type\":\"PropertyValueSpecification\",\"valueRequired\":true,\"valueName\":\"search_term_string\"}}],\"inLanguage\":\"en-US\"},{\"@type\":\"Organization\",\"@id\":\"https:\\\/\\\/inveniolawpr.com\\\/#organization\",\"name\":\"Invenio Law LLC\",\"url\":\"https:\\\/\\\/inveniolawpr.com\\\/\",\"logo\":{\"@type\":\"ImageObject\",\"inLanguage\":\"en-US\",\"@id\":\"https:\\\/\\\/inveniolawpr.com\\\/#\\\/schema\\\/logo\\\/image\\\/\",\"url\":\"https:\\\/\\\/inveniolawpr.com\\\/wp-content\\\/uploads\\\/2024\\\/11\\\/Art.-12-LLC-logo-footer-02.png\",\"contentUrl\":\"https:\\\/\\\/inveniolawpr.com\\\/wp-content\\\/uploads\\\/2024\\\/11\\\/Art.-12-LLC-logo-footer-02.png\",\"width\":446,\"height\":359,\"caption\":\"Invenio Law LLC\"},\"image\":{\"@id\":\"https:\\\/\\\/inveniolawpr.com\\\/#\\\/schema\\\/logo\\\/image\\\/\"},\"sameAs\":[\"https:\\\/\\\/www.facebook.com\\\/inveniolawpr\"]}]}<\/script>\n<!-- \/ Yoast SEO plugin. -->","yoast_head_json":{"title":"Abogados | Invenio Law | San Juan | Puerto Rico","description":"En Invenio Law, contamos con un equipo de abogados altamente capacitados listos para ofrecerte asesor\u00eda legal personalizada...","robots":{"index":"index","follow":"follow","max-snippet":"max-snippet:-1","max-image-preview":"max-image-preview:large","max-video-preview":"max-video-preview:-1"},"canonical":"https:\/\/inveniolawpr.com\/en\/contact-us\/","og_locale":"en_US","og_type":"article","og_title":"Abogados | Invenio Law | San Juan | Puerto Rico","og_description":"En Invenio Law, contamos con un equipo de abogados altamente capacitados listos para ofrecerte asesor\u00eda legal personalizada...","og_url":"https:\/\/inveniolawpr.com\/en\/contact-us\/","og_site_name":"Invenio Law","article_publisher":"https:\/\/www.facebook.com\/inveniolawpr","article_modified_time":"2026-04-07T15:52:08+00:00","og_image":[{"url":"https:\/\/inveniolawpr.com\/wp-content\/plugins\/wpforms\/assets\/images\/submit-spin.svg","type":"","width":"","height":""}],"twitter_card":"summary_large_image","twitter_misc":{"Est. reading time":"1 minute"},"schema":{"@context":"https:\/\/schema.org","@graph":[{"@type":"WebPage","@id":"https:\/\/inveniolawpr.com\/contactanos\/","url":"https:\/\/inveniolawpr.com\/contactanos\/","name":"Abogados | Invenio Law | San Juan | Puerto Rico","isPartOf":{"@id":"https:\/\/inveniolawpr.com\/#website"},"primaryImageOfPage":{"@id":"https:\/\/inveniolawpr.com\/contactanos\/#primaryimage"},"image":{"@id":"https:\/\/inveniolawpr.com\/contactanos\/#primaryimage"},"thumbnailUrl":"https:\/\/inveniolawpr.com\/wp-content\/plugins\/wpforms\/assets\/images\/submit-spin.svg","datePublished":"2025-05-12T19:00:03+00:00","dateModified":"2026-04-07T15:52:08+00:00","description":"En Invenio Law, contamos con un equipo de abogados altamente capacitados listos para ofrecerte asesor\u00eda legal personalizada...","breadcrumb":{"@id":"https:\/\/inveniolawpr.com\/contactanos\/#breadcrumb"},"inLanguage":"en-US","potentialAction":[{"@type":"ReadAction","target":["https:\/\/inveniolawpr.com\/contactanos\/"]}]},{"@type":"ImageObject","inLanguage":"en-US","@id":"https:\/\/inveniolawpr.com\/contactanos\/#primaryimage","url":"https:\/\/inveniolawpr.com\/wp-content\/plugins\/wpforms\/assets\/images\/submit-spin.svg","contentUrl":"https:\/\/inveniolawpr.com\/wp-content\/plugins\/wpforms\/assets\/images\/submit-spin.svg"},{"@type":"BreadcrumbList","@id":"https:\/\/inveniolawpr.com\/contactanos\/#breadcrumb","itemListElement":[{"@type":"ListItem","position":1,"name":"Home","item":"https:\/\/inveniolawpr.com\/"},{"@type":"ListItem","position":2,"name":"Cont\u00e1ctanos"}]},{"@type":"WebSite","@id":"https:\/\/inveniolawpr.com\/#website","url":"https:\/\/inveniolawpr.com\/","name":"Invenio Law","description":"Abogados","publisher":{"@id":"https:\/\/inveniolawpr.com\/#organization"},"potentialAction":[{"@type":"SearchAction","target":{"@type":"EntryPoint","urlTemplate":"https:\/\/inveniolawpr.com\/?s={search_term_string}"},"query-input":{"@type":"PropertyValueSpecification","valueRequired":true,"valueName":"search_term_string"}}],"inLanguage":"en-US"},{"@type":"Organization","@id":"https:\/\/inveniolawpr.com\/#organization","name":"Invenio Law LLC","url":"https:\/\/inveniolawpr.com\/","logo":{"@type":"ImageObject","inLanguage":"en-US","@id":"https:\/\/inveniolawpr.com\/#\/schema\/logo\/image\/","url":"https:\/\/inveniolawpr.com\/wp-content\/uploads\/2024\/11\/Art.-12-LLC-logo-footer-02.png","contentUrl":"https:\/\/inveniolawpr.com\/wp-content\/uploads\/2024\/11\/Art.-12-LLC-logo-footer-02.png","width":446,"height":359,"caption":"Invenio Law LLC"},"image":{"@id":"https:\/\/inveniolawpr.com\/#\/schema\/logo\/image\/"},"sameAs":["https:\/\/www.facebook.com\/inveniolawpr"]}]}},"_links":{"self":[{"href":"https:\/\/inveniolawpr.com\/en\/wp-json\/wp\/v2\/pages\/781","targetHints":{"allow":["GET"]}}],"collection":[{"href":"https:\/\/inveniolawpr.com\/en\/wp-json\/wp\/v2\/pages"}],"about":[{"href":"https:\/\/inveniolawpr.com\/en\/wp-json\/wp\/v2\/types\/page"}],"author":[{"embeddable":true,"href":"https:\/\/inveniolawpr.com\/en\/wp-json\/wp\/v2\/users\/2"}],"replies":[{"embeddable":true,"href":"https:\/\/inveniolawpr.com\/en\/wp-json\/wp\/v2\/comments?post=781"}],"version-history":[{"count":37,"href":"https:\/\/inveniolawpr.com\/en\/wp-json\/wp\/v2\/pages\/781\/revisions"}],"predecessor-version":[{"id":1176,"href":"https:\/\/inveniolawpr.com\/en\/wp-json\/wp\/v2\/pages\/781\/revisions\/1176"}],"wp:attachment":[{"href":"https:\/\/inveniolawpr.com\/en\/wp-json\/wp\/v2\/media?parent=781"}],"curies":[{"name":"wp","href":"https:\/\/api.w.org\/{rel}","templated":true}]}}